{"id":1646,"date":"2022-06-24T11:16:10","date_gmt":"2022-06-24T12:16:10","guid":{"rendered":"https:\/\/cabowork.com\/ficha-tecnica\/"},"modified":"2022-07-03T10:35:33","modified_gmt":"2022-07-03T11:35:33","slug":"ficha-tecnica","status":"publish","type":"page","link":"https:\/\/cabowork.com\/pt-pt\/ficha-tecnica\/","title":{"rendered":"Ficha t\u00e9cnica"},"content":{"rendered":"\t\t<div data-elementor-type=\"wp-page\" data-elementor-id=\"1646\" class=\"elementor elementor-1646 elementor-1336\" data-elementor-post-type=\"page\">\n\t\t\t\t\t\t<section data-particle_enable=\"false\" data-particle-mobile-disabled=\"false\" class=\"elementor-section elementor-top-section elementor-element elementor-element-cd734b3 elementor-section-boxed elementor-section-height-default elementor-section-height-default\" data-id=\"cd734b3\" data-element_type=\"section\" data-e-type=\"section\">\n\t\t\t\t\t\t<div class=\"elementor-container elementor-column-gap-default\">\n\t\t\t\t\t<div class=\"elementor-column elementor-col-100 elementor-top-column elementor-element elementor-element-c94a496\" data-id=\"c94a496\" data-element_type=\"column\" data-e-type=\"column\">\n\t\t\t<div class=\"elementor-widget-wrap elementor-element-populated\">\n\t\t\t\t\t\t<div class=\"elementor-element elementor-element-22d05e1 elementor-widget elementor-widget-heading\" data-id=\"22d05e1\" data-element_type=\"widget\" data-e-type=\"widget\" data-widget_type=\"heading.default\">\n\t\t\t\t<div class=\"elementor-widget-container\">\n\t\t\t\t\t<h2 class=\"elementor-heading-title elementor-size-default\">Ficha t\u00e9cnica<\/h2>\t\t\t\t<\/div>\n\t\t\t\t<\/div>\n\t\t\t\t<div class=\"elementor-element elementor-element-5ce05fd elementor-widget elementor-widget-text-editor\" data-id=\"5ce05fd\" data-element_type=\"widget\" data-e-type=\"widget\" data-widget_type=\"text-editor.default\">\n\t\t\t\t<div class=\"elementor-widget-container\">\n\t\t\t\t\t\t\t\t\t<p>cabowork.com \u00e9 um website operado pela:<\/p><p><strong>Reisetr\u00e4ume Kapverden GmbH<\/strong><br>Holbeinstr. 9<br>88212 Ravensburg<\/p><p><strong>Telefone: <\/strong>+49-751-2018458-0<br><strong>E-Mail: <\/strong>mail@cabowork.com<\/p><p><strong>Diretora Geral:<\/strong>Sibylle Schellmann<\/p><p>Registo comercial no Tribunal Local de Ulm<br>Sob o n\u00famero HR B 739113<\/p><p><strong>N\u00famero de Identifica\u00e7\u00e3o Fiscal: <\/strong>DE326814646<\/p><p><strong>Resolu\u00e7\u00e3o de lit\u00edgios:<\/strong><\/p><p>Para a resolu\u00e7\u00e3o extrajudicial de lit\u00edgios em mat\u00e9ria de defesa dos consumidores, a Uni\u00e3o Europeia disponibiliza uma plataforma online (&#8220;plataforma ODR&#8221;) no s\u00edtio eletr\u00f3nico <a href=\"https:\/\/ec.europa.eu\/consumers\/odr\" target=\"_blank\" rel=\"noopener\">https:\/\/ec.europa.eu\/consumers\/odr<\/a>.<\/p><div class=\"row\"><div id=\"div_impressum\" class=\"col-sm-offset-2 col-sm-8 impressum-container\"><p>Para a resolu\u00e7\u00e3o extrajudicial de lit\u00edgios em mat\u00e9ria de defesa dos consumidores, a Uni\u00e3o Europeia disponibiliza uma plataforma online (&#8220;plataforma ODR&#8221;) no s\u00edtio eletr\u00f3nico <a href=\"https:\/\/ec.europa.eu\/consumers\/odr\" target=\"_blank\" rel=\"noopener noreferrer\">https:\/\/ec.europa.eu\/consumers\/odr<\/a>.<\/p><\/div><\/div>\t\t\t\t\t\t\t\t<\/div>\n\t\t\t\t<\/div>\n\t\t\t\t\t<\/div>\n\t\t<\/div>\n\t\t\t\t\t<\/div>\n\t\t<\/section>\n\t\t\t\t<\/div>\n\t\t","protected":false},"excerpt":{"rendered":"<p>Ficha t\u00e9cnica cabowork.com \u00e9 um website operado pela: Reisetr\u00e4ume Kapverden GmbHHolbeinstr. 988212 Ravensburg Telefone: +49-751-2018458-0E-Mail: mail@cabowork.com Diretora Geral:Sibylle Schellmann Registo comercial no Tribunal Local de UlmSob o n\u00famero HR B 739113 N\u00famero de Identifica\u00e7\u00e3o Fiscal: DE326814646 Resolu\u00e7\u00e3o de lit\u00edgios: Para a resolu\u00e7\u00e3o extrajudicial de lit\u00edgios em mat\u00e9ria de defesa dos consumidores, a Uni\u00e3o Europeia disponibiliza [&hellip;]<\/p>\n","protected":false},"author":1,"featured_media":0,"parent":0,"menu_order":0,"comment_status":"closed","ping_status":"closed","template":"","meta":{"_acf_changed":false,"footnotes":""},"class_list":["post-1646","page","type-page","status-publish","hentry"],"acf":[],"_links":{"self":[{"href":"https:\/\/cabowork.com\/pt-pt\/wp-json\/wp\/v2\/pages\/1646","targetHints":{"allow":["GET"]}}],"collection":[{"href":"https:\/\/cabowork.com\/pt-pt\/wp-json\/wp\/v2\/pages"}],"about":[{"href":"https:\/\/cabowork.com\/pt-pt\/wp-json\/wp\/v2\/types\/page"}],"author":[{"embeddable":true,"href":"https:\/\/cabowork.com\/pt-pt\/wp-json\/wp\/v2\/users\/1"}],"replies":[{"embeddable":true,"href":"https:\/\/cabowork.com\/pt-pt\/wp-json\/wp\/v2\/comments?post=1646"}],"version-history":[{"count":3,"href":"https:\/\/cabowork.com\/pt-pt\/wp-json\/wp\/v2\/pages\/1646\/revisions"}],"predecessor-version":[{"id":1747,"href":"https:\/\/cabowork.com\/pt-pt\/wp-json\/wp\/v2\/pages\/1646\/revisions\/1747"}],"wp:attachment":[{"href":"https:\/\/cabowork.com\/pt-pt\/wp-json\/wp\/v2\/media?parent=1646"}],"curies":[{"name":"wp","href":"https:\/\/api.w.org\/{rel}","templated":true}]}}